{"id":306,"date":"2024-05-17T20:57:30","date_gmt":"2024-05-17T20:57:30","guid":{"rendered":"https:\/\/transformation-lighthouse.com\/hackathon-menges\/?page_id=306"},"modified":"2024-05-17T21:12:39","modified_gmt":"2024-05-17T21:12:39","slug":"vec-info","status":"publish","type":"page","link":"https:\/\/transformation-lighthouse.com\/hackathon-menges\/vec-info\/","title":{"rendered":"Ve\u010d informacij"},"content":{"rendered":"\t\t<div data-elementor-type=\"wp-page\" data-elementor-id=\"306\" class=\"elementor elementor-306\">\n\t\t\t\t<div class=\"elementor-element elementor-element-316b604 e-con-full e-flex e-con e-parent\" data-id=\"316b604\" data-element_type=\"container\" data-e-type=\"container\" data-settings=\"{&quot;background_background&quot;:&quot;classic&quot;}\">\n\t\t\t\t<div class=\"elementor-element elementor-element-d194f14 elementor-widget elementor-widget-shortcode\" data-id=\"d194f14\" data-element_type=\"widget\" data-e-type=\"widget\" data-widget_type=\"shortcode.default\">\n\t\t\t\t<div class=\"elementor-widget-container\">\n\t\t\t\t\t\t\t<div class=\"elementor-shortcode\">\t\t<div data-elementor-type=\"wp-post\" data-elementor-id=\"170\" class=\"elementor elementor-170\">\n\t\t\t\t<div class=\"elementor-element elementor-element-ab9938c e-con-full e-flex e-con e-parent\" data-id=\"ab9938c\" data-element_type=\"container\" data-e-type=\"container\">\n\t\t\t\t<div class=\"elementor-element elementor-element-2a310e7 elementor-widget__width-initial elementor-widget-tablet__width-initial elementor-widget-mobile__width-initial elementor-widget elementor-widget-image\" data-id=\"2a310e7\" data-element_type=\"widget\" data-e-type=\"widget\" data-widget_type=\"image.default\">\n\t\t\t\t<div class=\"elementor-widget-container\">\n\t\t\t\t\t\t\t\t\t\t\t\t\t\t\t\t<a href=\"https:\/\/transformation-lighthouse.com\/hackathon-menges\/\">\n\t\t\t\t\t\t\t<img fetchpriority=\"high\" decoding=\"async\" width=\"908\" height=\"342\" src=\"https:\/\/transformation-lighthouse.com\/hackathon-menges\/wp-content\/uploads\/sites\/13\/2024\/05\/logo-menges-bel.png\" class=\"attachment-large size-large wp-image-179\" alt=\"\" srcset=\"https:\/\/transformation-lighthouse.com\/hackathon-menges\/wp-content\/uploads\/sites\/13\/2024\/05\/logo-menges-bel.png 908w, https:\/\/transformation-lighthouse.com\/hackathon-menges\/wp-content\/uploads\/sites\/13\/2024\/05\/logo-menges-bel-300x113.png 300w, https:\/\/transformation-lighthouse.com\/hackathon-menges\/wp-content\/uploads\/sites\/13\/2024\/05\/logo-menges-bel-768x289.png 768w\" sizes=\"(max-width: 908px) 100vw, 908px\" \/>\t\t\t\t\t\t\t\t<\/a>\n\t\t\t\t\t\t\t\t\t\t\t\t\t\t\t<\/div>\n\t\t\t\t<\/div>\n\t\t\t\t<div class=\"elementor-element elementor-element-5bb738b elementor-widget__width-initial premium-nav-hor premium-nav-none premium-ham-dropdown elementor-widget elementor-widget-premium-nav-menu\" data-id=\"5bb738b\" data-element_type=\"widget\" data-e-type=\"widget\" data-settings=\"{&quot;submenu_icon&quot;:{&quot;value&quot;:&quot;fas fa-angle-down&quot;,&quot;library&quot;:&quot;fa-solid&quot;},&quot;submenu_item_icon&quot;:{&quot;value&quot;:&quot;&quot;,&quot;library&quot;:&quot;&quot;}}\" data-widget_type=\"premium-nav-menu.default\">\n\t\t\t\t<div class=\"elementor-widget-container\">\n\t\t\t\t\t\t\t<div data-settings=\"{&quot;breakpoint&quot;:767,&quot;mobileLayout&quot;:&quot;dropdown&quot;,&quot;mainLayout&quot;:&quot;hor&quot;,&quot;stretchDropdown&quot;:false,&quot;hoverEffect&quot;:&quot;&quot;,&quot;submenuEvent&quot;:&quot;hover&quot;,&quot;submenuTrigger&quot;:&quot;item&quot;,&quot;closeAfterClick&quot;:true,&quot;renderMobileMenu&quot;:true}\" class=\"premium-nav-widget-container premium-nav-pointer-underline premium-nav-animation-fade\" style=\"visibility:hidden; opacity:0;\">\n\t\t\t<div class=\"premium-ver-inner-container\">\n\t\t\t\t\t\t\t\t\t<div class=\"premium-hamburger-toggle premium-mobile-menu-icon\" role=\"button\" aria-label=\"Toggle Menu\">\n\t\t\t\t\t\t<span class=\"premium-toggle-text\">\n\t\t\t\t\t\t\t<i aria-hidden=\"true\" class=\"fas fa-bars\"><\/i>\t\t\t\t\t\t<\/span>\n\t\t\t\t\t\t<span class=\"premium-toggle-close\">\n\t\t\t\t\t\t\t<i aria-hidden=\"true\" class=\"fas fa-times\"><\/i>\t\t\t\t\t\t<\/span>\n\t\t\t\t\t<\/div>\n\t\t\t\t\t\t\t\t\t\t\t<div class=\"premium-nav-menu-container premium-nav-default\">\n\t\t\t\t\t\t\t<ul id=\"menu-main-menu\" class=\"premium-nav-menu premium-main-nav-menu\"><li id=\"premium-nav-menu-item-177\" class=\"menu-item menu-item-type-post_type menu-item-object-page menu-item-home premium-nav-menu-item\"><a href=\"https:\/\/transformation-lighthouse.com\/hackathon-menges\/\" class=\"menu-link premium-menu-link premium-menu-link-parent premium-lq__none\">Home<\/a><\/li>\n<li id=\"premium-nav-menu-item-295\" class=\"menu-item menu-item-type-post_type menu-item-object-page premium-nav-menu-item\"><a href=\"https:\/\/transformation-lighthouse.com\/hackathon-menges\/agenda\/\" class=\"menu-link premium-menu-link premium-menu-link-parent premium-lq__none\">Agenda<\/a><\/li>\n<li id=\"premium-nav-menu-item-331\" class=\"menu-item menu-item-type-post_type menu-item-object-page premium-nav-menu-item\"><a href=\"https:\/\/transformation-lighthouse.com\/hackathon-menges\/vec-info\/\" class=\"menu-link premium-menu-link premium-menu-link-parent premium-lq__none\">Ve\u010d informacij<\/a><\/li>\n<li id=\"premium-nav-menu-item-178\" class=\"menu-item menu-item-type-post_type menu-item-object-page premium-nav-menu-item\"><a href=\"https:\/\/transformation-lighthouse.com\/hackathon-menges\/prijava\/\" class=\"menu-link premium-menu-link premium-menu-link-parent premium-lq__none\">Prijava<\/a><\/li>\n<\/ul>\t\t\t\t\t\t<\/div>\n\t\t\t\t\t\t\t\t\t\t\t\t<div class=\"premium-mobile-menu-container\">\n\t\t\t\t\t\t\t\t\t\t\t\t\t\t\t<ul id=\"menu-main-menu-1\" class=\"premium-mobile-menu premium-main-mobile-menu premium-main-nav-menu\"><li id=\"premium-nav-menu-item-1771\" class=\"menu-item menu-item-type-post_type menu-item-object-page menu-item-home premium-nav-menu-item\"><a href=\"https:\/\/transformation-lighthouse.com\/hackathon-menges\/\" class=\"menu-link premium-menu-link premium-menu-link-parent premium-lq__none\">Home<\/a><\/li>\n<li id=\"premium-nav-menu-item-2952\" class=\"menu-item menu-item-type-post_type menu-item-object-page premium-nav-menu-item\"><a href=\"https:\/\/transformation-lighthouse.com\/hackathon-menges\/agenda\/\" class=\"menu-link premium-menu-link premium-menu-link-parent premium-lq__none\">Agenda<\/a><\/li>\n<li id=\"premium-nav-menu-item-3313\" class=\"menu-item menu-item-type-post_type menu-item-object-page premium-nav-menu-item\"><a href=\"https:\/\/transformation-lighthouse.com\/hackathon-menges\/vec-info\/\" class=\"menu-link premium-menu-link premium-menu-link-parent premium-lq__none\">Ve\u010d informacij<\/a><\/li>\n<li id=\"premium-nav-menu-item-1784\" class=\"menu-item menu-item-type-post_type menu-item-object-page premium-nav-menu-item\"><a href=\"https:\/\/transformation-lighthouse.com\/hackathon-menges\/prijava\/\" class=\"menu-link premium-menu-link premium-menu-link-parent premium-lq__none\">Prijava<\/a><\/li>\n<\/ul>\t\t\t\t\t\t\t\t\t\t\t\t\t\t<\/div>\n\t\t\t\t\t\t\t\t\t\t<\/div>\n\t\t\t<\/div>\n\t\t\t\t\t\t\t<\/div>\n\t\t\t\t<\/div>\n\t\t\t\t<\/div>\n\t\t\t\t<\/div>\n\t\t<\/div>\n\t\t\t\t\t\t<\/div>\n\t\t\t\t<\/div>\n\t\t\t\t<div class=\"elementor-element elementor-element-d1395fd elementor-widget elementor-widget-heading\" data-id=\"d1395fd\" data-element_type=\"widget\" data-e-type=\"widget\" data-widget_type=\"heading.default\">\n\t\t\t\t<div class=\"elementor-widget-container\">\n\t\t\t\t\t<h1 class=\"elementor-heading-title elementor-size-default\">Ve\u010d informacij<\/h1>\t\t\t\t<\/div>\n\t\t\t\t<\/div>\n\t\t\t\t<\/div>\n\t\t<div class=\"elementor-element elementor-element-bdcc641 e-flex e-con-boxed e-con e-parent\" data-id=\"bdcc641\" data-element_type=\"container\" data-e-type=\"container\">\n\t\t\t\t\t<div class=\"e-con-inner\">\n\t\t\t\t<div class=\"elementor-element elementor-element-2e89dd5 elementor-widget elementor-widget-heading\" data-id=\"2e89dd5\" data-element_type=\"widget\" data-e-type=\"widget\" data-widget_type=\"heading.default\">\n\t\t\t\t<div class=\"elementor-widget-container\">\n\t\t\t\t\t<h2 class=\"elementor-heading-title elementor-size-default\">Pripravi se, da z inovativnimi idejami <br>oblikuje\u0161 Ob\u010dino Menge\u0161!<\/h2>\t\t\t\t<\/div>\n\t\t\t\t<\/div>\n\t\t<div class=\"elementor-element elementor-element-531b059 e-flex e-con-boxed e-con e-child\" data-id=\"531b059\" data-element_type=\"container\" data-e-type=\"container\">\n\t\t\t\t\t<div class=\"e-con-inner\">\n\t\t\t\t<div class=\"elementor-element elementor-element-8705d56 elementor-widget__width-initial elementor-widget elementor-widget-text-editor\" data-id=\"8705d56\" data-element_type=\"widget\" data-e-type=\"widget\" data-widget_type=\"text-editor.default\">\n\t\t\t\t<div class=\"elementor-widget-container\">\n\t\t\t\t\t\t\t\t\t<p>Dan mladih, poseben dan, namenjen vam, vsem mladim na\u0161ega mesta! Vabimo vas, da se nam 25.05.2024 pridru\u017eite &#8211; sami ali z ekipo &#8211; v Dru\u0161tvu AIA, Mladinskem centru Menge\u0161, na Slovenski cesti 28.<\/p><p>Kaj bomo po\u010deli? Hekali! V enodnevnem maratonu kreiranja bomo skupaj iskali inovativne re\u0161itve in aktivnosti, s katerimi boste ravno vi, mladi, z veseljem pre\u017eivljali ves svoj prosti \u010das v svojem kraju. Hekaton je odli\u010dna prilo\u017enost, da svoje ideje in \u017eelje, kaj bi \u017eeleli, da mesto ponudi vam in va\u0161im prijateljem, predstavite in morda celo uresni\u010dite in s tem prispevate k ustvarjanju bolj povezane, dinami\u010dne in mladim prijazne skupnosti.<\/p><p>Skupaj bomo raziskali nove poti, tehnologije, oblikovali trajnostne projekte in razvijali strategije, ki bodo ob\u010dino Menge\u0161 ponesle v prihodnost, kjer boste z veseljem aktivno udele\u017eeni. Bodite del tega zanimivega dneva, kjer lahko va\u0161a kreativnost in inovativnost resni\u010dno zasijeta.<\/p><p>Zmagovalne ekipe bodo sicer nagrajene s finan\u010dnimi nagradami, a prava nagrada bo, ko boste videli svoje ideje za\u017eiveti. Ne zamudite prilo\u017enosti, da na Dan mladih pustite svoj pe\u010dat v lokalni skupnosti.<\/p>\t\t\t\t\t\t\t\t<\/div>\n\t\t\t\t<\/div>\n\t\t\t\t<div class=\"elementor-element elementor-element-255229b elementor-widget elementor-widget-image\" data-id=\"255229b\" data-element_type=\"widget\" data-e-type=\"widget\" data-widget_type=\"image.default\">\n\t\t\t\t<div class=\"elementor-widget-container\">\n\t\t\t\t\t\t\t\t\t\t\t\t\t\t\t<img decoding=\"async\" width=\"1010\" height=\"1024\" src=\"https:\/\/transformation-lighthouse.com\/hackathon-menges\/wp-content\/uploads\/sites\/13\/2024\/05\/vec-informacij-1010x1024.jpg\" class=\"attachment-large size-large wp-image-310\" alt=\"\" srcset=\"https:\/\/transformation-lighthouse.com\/hackathon-menges\/wp-content\/uploads\/sites\/13\/2024\/05\/vec-informacij-1010x1024.jpg 1010w, https:\/\/transformation-lighthouse.com\/hackathon-menges\/wp-content\/uploads\/sites\/13\/2024\/05\/vec-informacij-296x300.jpg 296w, https:\/\/transformation-lighthouse.com\/hackathon-menges\/wp-content\/uploads\/sites\/13\/2024\/05\/vec-informacij-768x779.jpg 768w, https:\/\/transformation-lighthouse.com\/hackathon-menges\/wp-content\/uploads\/sites\/13\/2024\/05\/vec-informacij.jpg 1062w\" sizes=\"(max-width: 1010px) 100vw, 1010px\" \/>\t\t\t\t\t\t\t\t\t\t\t\t\t\t\t<\/div>\n\t\t\t\t<\/div>\n\t\t\t\t\t<\/div>\n\t\t\t\t<\/div>\n\t\t\t\t\t<\/div>\n\t\t\t\t<\/div>\n\t\t<div class=\"elementor-element elementor-element-5c1aeef e-flex e-con-boxed e-con e-parent\" data-id=\"5c1aeef\" data-element_type=\"container\" data-e-type=\"container\">\n\t\t\t\t\t<div class=\"e-con-inner\">\n\t\t<div class=\"elementor-element elementor-element-5bb3198 e-con-full e-flex e-con e-child\" data-id=\"5bb3198\" data-element_type=\"container\" data-e-type=\"container\">\n\t\t\t\t<\/div>\n\t\t<div class=\"elementor-element elementor-element-da242db e-con-full e-flex e-con e-child\" data-id=\"da242db\" data-element_type=\"container\" data-e-type=\"container\">\n\t\t\t\t<\/div>\n\t\t\t\t\t<\/div>\n\t\t\t\t<\/div>\n\t\t<div class=\"elementor-element elementor-element-4ddd771 e-con-full e-flex e-con e-parent\" data-id=\"4ddd771\" data-element_type=\"container\" data-e-type=\"container\">\n\t\t\t\t<div class=\"elementor-element elementor-element-e8eb350 elementor-widget elementor-widget-shortcode\" data-id=\"e8eb350\" data-element_type=\"widget\" data-e-type=\"widget\" data-widget_type=\"shortcode.default\">\n\t\t\t\t<div class=\"elementor-widget-container\">\n\t\t\t\t\t\t\t<div class=\"elementor-shortcode\">\t\t<div data-elementor-type=\"wp-post\" data-elementor-id=\"210\" class=\"elementor elementor-210\">\n\t\t\t\t<div class=\"elementor-element elementor-element-aefced5 e-flex e-con-boxed e-con e-parent\" data-id=\"aefced5\" data-element_type=\"container\" data-e-type=\"container\" data-settings=\"{&quot;background_background&quot;:&quot;classic&quot;}\">\n\t\t\t\t\t<div class=\"e-con-inner\">\n\t\t<div class=\"elementor-element elementor-element-f7834a0 e-con-full e-flex e-con e-child\" data-id=\"f7834a0\" data-element_type=\"container\" data-e-type=\"container\">\n\t\t\t\t<div class=\"elementor-element elementor-element-a5883a9 elementor-widget elementor-widget-image\" data-id=\"a5883a9\" data-element_type=\"widget\" data-e-type=\"widget\" data-widget_type=\"image.default\">\n\t\t\t\t<div class=\"elementor-widget-container\">\n\t\t\t\t\t\t\t\t\t\t\t\t\t\t\t<img fetchpriority=\"high\" decoding=\"async\" width=\"908\" height=\"342\" src=\"https:\/\/transformation-lighthouse.com\/hackathon-menges\/wp-content\/uploads\/sites\/13\/2024\/05\/logo-menges-bel.png\" class=\"attachment-large size-large wp-image-179\" alt=\"\" srcset=\"https:\/\/transformation-lighthouse.com\/hackathon-menges\/wp-content\/uploads\/sites\/13\/2024\/05\/logo-menges-bel.png 908w, https:\/\/transformation-lighthouse.com\/hackathon-menges\/wp-content\/uploads\/sites\/13\/2024\/05\/logo-menges-bel-300x113.png 300w, https:\/\/transformation-lighthouse.com\/hackathon-menges\/wp-content\/uploads\/sites\/13\/2024\/05\/logo-menges-bel-768x289.png 768w\" sizes=\"(max-width: 908px) 100vw, 908px\" \/>\t\t\t\t\t\t\t\t\t\t\t\t\t\t\t<\/div>\n\t\t\t\t<\/div>\n\t\t\t\t<\/div>\n\t\t<div class=\"elementor-element elementor-element-ed68076 e-con-full e-flex e-con e-child\" data-id=\"ed68076\" data-element_type=\"container\" data-e-type=\"container\">\n\t\t\t\t<div class=\"elementor-element elementor-element-3dc9aed elementor-widget elementor-widget-image\" data-id=\"3dc9aed\" data-element_type=\"widget\" data-e-type=\"widget\" data-widget_type=\"image.default\">\n\t\t\t\t<div class=\"elementor-widget-container\">\n\t\t\t\t\t\t\t\t\t\t\t\t\t\t\t<img decoding=\"async\" width=\"1024\" height=\"403\" src=\"https:\/\/transformation-lighthouse.com\/hackathon-menges\/wp-content\/uploads\/sites\/13\/2024\/05\/TL-Logo-White-full-1024x403.png\" class=\"attachment-large size-large wp-image-212\" alt=\"\" srcset=\"https:\/\/transformation-lighthouse.com\/hackathon-menges\/wp-content\/uploads\/sites\/13\/2024\/05\/TL-Logo-White-full-1024x403.png 1024w, https:\/\/transformation-lighthouse.com\/hackathon-menges\/wp-content\/uploads\/sites\/13\/2024\/05\/TL-Logo-White-full-300x118.png 300w, https:\/\/transformation-lighthouse.com\/hackathon-menges\/wp-content\/uploads\/sites\/13\/2024\/05\/TL-Logo-White-full-768x302.png 768w, https:\/\/transformation-lighthouse.com\/hackathon-menges\/wp-content\/uploads\/sites\/13\/2024\/05\/TL-Logo-White-full-1536x604.png 1536w, https:\/\/transformation-lighthouse.com\/hackathon-menges\/wp-content\/uploads\/sites\/13\/2024\/05\/TL-Logo-White-full.png 1684w\" sizes=\"(max-width: 1024px) 100vw, 1024px\" \/>\t\t\t\t\t\t\t\t\t\t\t\t\t\t\t<\/div>\n\t\t\t\t<\/div>\n\t\t\t\t<\/div>\n\t\t\t\t\t<\/div>\n\t\t\t\t<\/div>\n\t\t<div class=\"elementor-element elementor-element-8c670bd e-flex e-con-boxed e-con e-parent\" data-id=\"8c670bd\" data-element_type=\"container\" data-e-type=\"container\" data-settings=\"{&quot;background_background&quot;:&quot;classic&quot;}\">\n\t\t\t\t\t<div class=\"e-con-inner\">\n\t\t\t\t<div class=\"elementor-element elementor-element-e662aca elementor-widget elementor-widget-text-editor\" data-id=\"e662aca\" data-element_type=\"widget\" data-e-type=\"widget\" data-widget_type=\"text-editor.default\">\n\t\t\t\t<div class=\"elementor-widget-container\">\n\t\t\t\t\t\t\t\t\t<p>Copyright \u00a9 2024 Dan Mladih &#8211; Menge\u0161 Hackathon.<br \/>Vse pravice zadr\u017eane.<\/p>\t\t\t\t\t\t\t\t<\/div>\n\t\t\t\t<\/div>\n\t\t\t\t\t<\/div>\n\t\t\t\t<\/div>\n\t\t\t\t<\/div>\n\t\t<\/div>\n\t\t\t\t\t\t<\/div>\n\t\t\t\t<\/div>\n\t\t\t\t<\/div>\n\t\t\t\t<\/div>\n\t\t","protected":false},"excerpt":{"rendered":"<p>Ve\u010d informacij Pripravi se, da z inovativnimi idejami oblikuje\u0161 Ob\u010dino Menge\u0161! Dan mladih, poseben dan, namenjen vam, vsem mladim na\u0161ega [&hellip;]<\/p>\n","protected":false},"author":2,"featured_media":0,"parent":0,"menu_order":0,"comment_status":"closed","ping_status":"closed","template":"","meta":{"site-sidebar-layout":"no-sidebar","site-content-layout":"","ast-site-content-layout":"full-width-container","site-content-style":"default","site-sidebar-style":"default","ast-global-header-display":"","ast-banner-title-visibility":"","ast-main-header-display":"","ast-hfb-above-header-display":"","ast-hfb-below-header-display":"","ast-hfb-mobile-header-display":"","site-post-title":"disabled","ast-breadcrumbs-content":"","ast-featured-img":"disabled","footer-sml-layout":"","ast-disable-related-posts":"","theme-transparent-header-meta":"","adv-header-id-meta":"","stick-header-meta":"","header-above-stick-meta":"","header-main-stick-meta":"","header-below-stick-meta":"","astra-migrate-meta-layouts":"default","ast-page-background-enabled":"default","ast-page-background-meta":{"desktop":{"background-color":"var(--ast-global-color-4)","background-image":"","background-repeat":"repeat","background-position":"center center","background-size":"auto","background-attachment":"scroll","background-type":"","background-media":"","overlay-type":"","overlay-color":"","overlay-opacity":"","overlay-gradient":""},"tablet":{"background-color":"","background-image":"","background-repeat":"repeat","background-position":"center center","background-size":"auto","background-attachment":"scroll","background-type":"","background-media":"","overlay-type":"","overlay-color":"","overlay-opacity":"","overlay-gradient":""},"mobile":{"background-color":"","background-image":"","background-repeat":"repeat","background-position":"center center","background-size":"auto","background-attachment":"scroll","background-type":"","background-media":"","overlay-type":"","overlay-color":"","overlay-opacity":"","overlay-gradient":""}},"ast-content-background-meta":{"desktop":{"background-color":"var(--ast-global-color-5)","background-image":"","background-repeat":"repeat","background-position":"center center","background-size":"auto","background-attachment":"scroll","background-type":"","background-media":"","overlay-type":"","overlay-color":"","overlay-opacity":"","overlay-gradient":""},"tablet":{"background-color":"var(--ast-global-color-5)","background-image":"","background-repeat":"repeat","background-position":"center center","background-size":"auto","background-attachment":"scroll","background-type":"","background-media":"","overlay-type":"","overlay-color":"","overlay-opacity":"","overlay-gradient":""},"mobile":{"background-color":"var(--ast-global-color-5)","background-image":"","background-repeat":"repeat","background-position":"center center","background-size":"auto","background-attachment":"scroll","background-type":"","background-media":"","overlay-type":"","overlay-color":"","overlay-opacity":"","overlay-gradient":""}},"footnotes":""},"class_list":["post-306","page","type-page","status-publish","hentry"],"_links":{"self":[{"href":"https:\/\/transformation-lighthouse.com\/hackathon-menges\/wp-json\/wp\/v2\/pages\/306","targetHints":{"allow":["GET"]}}],"collection":[{"href":"https:\/\/transformation-lighthouse.com\/hackathon-menges\/wp-json\/wp\/v2\/pages"}],"about":[{"href":"https:\/\/transformation-lighthouse.com\/hackathon-menges\/wp-json\/wp\/v2\/types\/page"}],"author":[{"embeddable":true,"href":"https:\/\/transformation-lighthouse.com\/hackathon-menges\/wp-json\/wp\/v2\/users\/2"}],"replies":[{"embeddable":true,"href":"https:\/\/transformation-lighthouse.com\/hackathon-menges\/wp-json\/wp\/v2\/comments?post=306"}],"version-history":[{"count":17,"href":"https:\/\/transformation-lighthouse.com\/hackathon-menges\/wp-json\/wp\/v2\/pages\/306\/revisions"}],"predecessor-version":[{"id":361,"href":"https:\/\/transformation-lighthouse.com\/hackathon-menges\/wp-json\/wp\/v2\/pages\/306\/revisions\/361"}],"wp:attachment":[{"href":"https:\/\/transformation-lighthouse.com\/hackathon-menges\/wp-json\/wp\/v2\/media?parent=306"}],"curies":[{"name":"wp","href":"https:\/\/api.w.org\/{rel}","templated":true}]}}